{"id":215524,"date":"2023-04-19T16:21:07","date_gmt":"2023-04-19T14:21:07","guid":{"rendered":"http:\/\/holistycznie.me\/?page_id=215524"},"modified":"2024-07-03T11:57:47","modified_gmt":"2024-07-03T09:57:47","slug":"konsultacje-terapeutyczne","status":"publish","type":"page","link":"https:\/\/holistycznie.me\/index.php\/konsultacje-terapeutyczne\/","title":{"rendered":"UM\u00d3W SPOTKANIE"},"content":{"rendered":"<p>[et_pb_section fb_built=&#8221;1&#8243; _builder_version=&#8221;4.16&#8243; custom_padding=&#8221;|0px|0px|||&#8221; global_colors_info=&#8221;{}&#8221;][et_pb_row _builder_version=&#8221;4.16&#8243; global_colors_info=&#8221;{}&#8221;][et_pb_column type=&#8221;4_4&#8243; _builder_version=&#8221;4.16&#8243; global_colors_info=&#8221;{}&#8221;][et_pb_text _builder_version=&#8221;4.16&#8243; text_font=&#8221;Open Sans||||||||&#8221; text_line_height=&#8221;2em&#8221; header_font=&#8221;Lora||||||||&#8221; header_text_align=&#8221;center&#8221; header_font_size=&#8221;35px&#8221; header_line_height=&#8221;1.4em&#8221; header_6_font=&#8221;Open Sans|600||on|||||&#8221; header_6_text_align=&#8221;center&#8221; header_6_text_color=&#8221;#d0983c&#8221; header_6_font_size=&#8221;12px&#8221; header_6_letter_spacing=&#8221;5px&#8221; header_6_line_height=&#8221;1.6em&#8221; text_orientation=&#8221;center&#8221; max_width=&#8221;900px&#8221; max_width_tablet=&#8221;90%&#8221; max_width_phone=&#8221;&#8221; max_width_last_edited=&#8221;on|desktop&#8221; module_alignment=&#8221;center&#8221; custom_margin=&#8221;||2px||false|false&#8221; custom_margin_tablet=&#8221;&#8221; custom_margin_phone=&#8221;&#8221; custom_margin_last_edited=&#8221;on|desktop&#8221; animation_style=&#8221;zoom&#8221; animation_intensity_zoom=&#8221;5%&#8221; text_font_size_tablet=&#8221;&#8221; text_font_size_phone=&#8221;&#8221; text_font_size_last_edited=&#8221;on|desktop&#8221; header_font_size_tablet=&#8221;48px&#8221; header_font_size_phone=&#8221;32px&#8221; header_font_size_last_edited=&#8221;on|phone&#8221; header_6_font_size_tablet=&#8221;&#8221; header_6_font_size_phone=&#8221;&#8221; header_6_font_size_last_edited=&#8221;on|desktop&#8221; locked=&#8221;off&#8221; global_colors_info=&#8221;{}&#8221; header_5_font_size__hover=&#8221;16px&#8221; header_5_font_size__hover_enabled=&#8221;16px&#8221; header_5_letter_spacing__hover=&#8221;0px&#8221; header_5_letter_spacing__hover_enabled=&#8221;0px&#8221; header_5_line_height__hover=&#8221;1em&#8221; header_5_line_height__hover_enabled=&#8221;1em&#8221; header_5_text_shadow_style__hover=&#8221;none&#8221; header_5_text_shadow_style__hover_enabled=&#8221;none&#8221; header_5_text_shadow_color__hover=&#8221;rgba(0,0,0,0.4)&#8221; header_5_text_shadow_color__hover_enabled=&#8221;rgba(0,0,0,0.4)&#8221;]<\/p>\n<h6>terapia on-line i w gabinecie.<\/h6>\n<h1>W kalendarzu poni\u017cej mo\u017cesz zarezerwowa\u0107 dogodny termin spotkania.<\/h1>\n<p>&nbsp;<\/p>\n<p><span style=\"font-size: large;\">*W przypadku konsultacji <strong>w gabinecie<\/strong>\u00a0bardzo prosz\u0119 o wiadomo\u015b\u0107 lub kontakt telefoniczny na numer: (+48) 509.161.648<\/span><span style=\"font-size: large;\"><\/span><\/p>\n<p>&nbsp;<\/p>\n<p>[\/et_pb_text][\/et_pb_column][\/et_pb_row][\/et_pb_section][et_pb_section fb_built=&#8221;1&#8243; _builder_version=&#8221;4.19.0&#8243; _module_preset=&#8221;default&#8221; custom_padding=&#8221;0px|||||&#8221; global_colors_info=&#8221;{}&#8221;][et_pb_row _builder_version=&#8221;4.19.0&#8243; _module_preset=&#8221;default&#8221; global_colors_info=&#8221;{}&#8221;][et_pb_column type=&#8221;4_4&#8243; _builder_version=&#8221;4.19.0&#8243; _module_preset=&#8221;default&#8221; global_colors_info=&#8221;{}&#8221;][et_pb_code _builder_version=&#8221;4.19.0&#8243; _module_preset=&#8221;default&#8221; text_orientation=&#8221;left&#8221; global_colors_info=&#8221;{}&#8221;]<script type=\"text\/javascript\">\nif(bookero_config == undefined){\n    var bookero_config = [];\n}\nvar bookero_instance_config = {\n    id: 'LNB63fy0Ns9P',\n    container: 'bookero_69d05265ea5fc',\n    type: 'calendar',\n    position: '',\n    plugin_css: true,\n    lang: 'pl',\n    custom_config: {use_service_id: 19431}\n};\nbookero_config.push(bookero_instance_config);\n<\/script><div id=\"bookero_69d05265ea5fc\"><\/div>[\/et_pb_code][\/et_pb_column][\/et_pb_row][\/et_pb_section][et_pb_section fb_built=&#8221;1&#8243; _builder_version=&#8221;4.16&#8243; background_color=&#8221;rgba(209,197,186,0.16)&#8221; custom_padding=&#8221;4px||4px|||&#8221; global_colors_info=&#8221;{}&#8221;][et_pb_row column_structure=&#8221;1_2,1_2&#8243; _builder_version=&#8221;4.16&#8243; global_colors_info=&#8221;{}&#8221;][et_pb_column type=&#8221;1_2&#8243; _builder_version=&#8221;4.16&#8243; global_colors_info=&#8221;{}&#8221;][et_pb_button button_url=&#8221;https:\/\/drive.google.com\/file\/d\/1125Ua2T3USRicOSMdf0nbld7i8CsHgS7\/view?usp=sharing&#8221; url_new_window=&#8221;on&#8221; button_text=&#8221;Polityka prywatno\u015bci&#8221; button_alignment=&#8221;center&#8221; _builder_version=&#8221;4.19.0&#8243; custom_button=&#8221;on&#8221; button_text_size=&#8221;15px&#8221; button_text_color=&#8221;#000000&#8243; button_bg_color=&#8221;rgba(208,152,60,0)&#8221; button_border_width=&#8221;0px&#8221; button_border_color=&#8221;#d0983c&#8221; button_font=&#8221;|600|||||||&#8221; button_icon=&#8221;&#x24;||divi||400&#8243; custom_margin=&#8221;20px||||false|false&#8221; custom_margin_tablet=&#8221;&#8221; custom_margin_phone=&#8221;&#8221; custom_margin_last_edited=&#8221;on|desktop&#8221; button_border_width_tablet=&#8221;&#8221; button_border_width_phone=&#8221;&#8221; button_border_width_last_edited=&#8221;on|desktop&#8221; global_colors_info=&#8221;{}&#8221;][\/et_pb_button][\/et_pb_column][et_pb_column type=&#8221;1_2&#8243; _builder_version=&#8221;4.16&#8243; global_colors_info=&#8221;{}&#8221;][et_pb_button button_url=&#8221;https:\/\/drive.google.com\/file\/d\/16bYQ8pBH53bnJW6H0kLAaX4nKXrAO3IT\/view?usp=sharing&#8221; url_new_window=&#8221;on&#8221; button_text=&#8221;Regulamin zakupu&#8221; button_alignment=&#8221;center&#8221; _builder_version=&#8221;4.19.0&#8243; custom_button=&#8221;on&#8221; button_text_size=&#8221;15px&#8221; button_text_color=&#8221;#000000&#8243; button_bg_color=&#8221;rgba(208,152,60,0)&#8221; button_border_width=&#8221;0px&#8221; button_border_color=&#8221;#d0983c&#8221; button_font=&#8221;|600|||||||&#8221; button_icon=&#8221;&#x24;||divi||400&#8243; custom_margin=&#8221;20px||||false|false&#8221; custom_margin_tablet=&#8221;&#8221; custom_margin_phone=&#8221;&#8221; custom_margin_last_edited=&#8221;on|desktop&#8221; hover_enabled=&#8221;0&#8243; button_border_width_tablet=&#8221;&#8221; button_border_width_phone=&#8221;&#8221; button_border_width_last_edited=&#8221;on|desktop&#8221; global_colors_info=&#8221;{}&#8221; sticky_enabled=&#8221;0&#8243;][\/et_pb_button][\/et_pb_column][\/et_pb_row][et_pb_row _builder_version=&#8221;4.16&#8243; custom_padding=&#8221;2px|||||&#8221; global_colors_info=&#8221;{}&#8221;][et_pb_column type=&#8221;4_4&#8243; _builder_version=&#8221;4.16&#8243; global_colors_info=&#8221;{}&#8221;][et_pb_text _builder_version=&#8221;4.16&#8243; text_font=&#8221;Open Sans|600|||||||&#8221; text_text_color=&#8221;#000000&#8243; text_orientation=&#8221;center&#8221; global_colors_info=&#8221;{}&#8221;]Copyright 2020 | Projekt <a href=\"https:\/\/www.monikafilarowska.com\">Monika Filarowska<\/a>[\/et_pb_text][\/et_pb_column][\/et_pb_row][\/et_pb_section]<\/p>\n","protected":false},"excerpt":{"rendered":"<p>terapia on-line i w gabinecie. W kalendarzu poni\u017cej mo\u017cesz zarezerwowa\u0107 dogodny termin spotkania. &nbsp; *W przypadku konsultacji w gabinecie\u00a0bardzo prosz\u0119 o wiadomo\u015b\u0107 lub kontakt telefoniczny na numer: (+48) 509.161.648 &nbsp;<script type=\"text\/javascript\">\nif(bookero_config == undefined){\n    var bookero_config = [];\n}\nvar bookero_instance_config = {\n    id: 'LNB63fy0Ns9P',\n    container: 'bookero_69d05265eeea4',\n    type: 'calendar',\n    position: '',\n    plugin_css: true,\n    lang: 'pl',\n    custom_config: {use_service_id: 19431}\n};\nbookero_config.push(bookero_instance_config);\n<\/script><div id=\"bookero_69d05265eeea4\"><\/div>Copyright 2020 | Projekt Monika Filarowska<\/p>\n","protected":false},"author":2,"featured_media":0,"parent":0,"menu_order":0,"comment_status":"closed","ping_status":"closed","template":"","meta":{"_et_pb_use_builder":"on","_et_pb_old_content":"","_et_gb_content_width":"","om_disable_all_campaigns":false,"footnotes":""},"class_list":["post-215524","page","type-page","status-publish","hentry"],"_links":{"self":[{"href":"https:\/\/holistycznie.me\/index.php\/wp-json\/wp\/v2\/pages\/215524","targetHints":{"allow":["GET"]}}],"collection":[{"href":"https:\/\/holistycznie.me\/index.php\/wp-json\/wp\/v2\/pages"}],"about":[{"href":"https:\/\/holistycznie.me\/index.php\/wp-json\/wp\/v2\/types\/page"}],"author":[{"embeddable":true,"href":"https:\/\/holistycznie.me\/index.php\/wp-json\/wp\/v2\/users\/2"}],"replies":[{"embeddable":true,"href":"https:\/\/holistycznie.me\/index.php\/wp-json\/wp\/v2\/comments?post=215524"}],"version-history":[{"count":9,"href":"https:\/\/holistycznie.me\/index.php\/wp-json\/wp\/v2\/pages\/215524\/revisions"}],"predecessor-version":[{"id":216061,"href":"https:\/\/holistycznie.me\/index.php\/wp-json\/wp\/v2\/pages\/215524\/revisions\/216061"}],"wp:attachment":[{"href":"https:\/\/holistycznie.me\/index.php\/wp-json\/wp\/v2\/media?parent=215524"}],"curies":[{"name":"wp","href":"https:\/\/api.w.org\/{rel}","templated":true}]}}