{"id":215508,"date":"2023-04-19T13:32:15","date_gmt":"2023-04-19T11:32:15","guid":{"rendered":"http:\/\/holistycznie.me\/?page_id=215508"},"modified":"2025-10-21T19:27:19","modified_gmt":"2025-10-21T17:27:19","slug":"konsultacje-sen-dziecka","status":"publish","type":"page","link":"https:\/\/holistycznie.me\/index.php\/konsultacje-sen-dziecka\/","title":{"rendered":"KONSULTACJE"},"content":{"rendered":"<p>[et_pb_section fb_built=&#8221;1&#8243; _builder_version=&#8221;4.16&#8243; custom_padding=&#8221;|0px|0px|||&#8221; global_colors_info=&#8221;{}&#8221;][et_pb_row _builder_version=&#8221;4.16&#8243; global_colors_info=&#8221;{}&#8221;][et_pb_column type=&#8221;4_4&#8243; _builder_version=&#8221;4.16&#8243; global_colors_info=&#8221;{}&#8221;][et_pb_text _builder_version=&#8221;4.16&#8243; text_font=&#8221;Open Sans||||||||&#8221; text_line_height=&#8221;2em&#8221; header_font=&#8221;Lora||||||||&#8221; header_text_align=&#8221;center&#8221; header_font_size=&#8221;35px&#8221; header_line_height=&#8221;1.4em&#8221; header_6_font=&#8221;Open Sans|600||on|||||&#8221; header_6_text_align=&#8221;center&#8221; header_6_text_color=&#8221;#d0983c&#8221; header_6_font_size=&#8221;12px&#8221; header_6_letter_spacing=&#8221;5px&#8221; header_6_line_height=&#8221;1.6em&#8221; text_orientation=&#8221;center&#8221; max_width=&#8221;900px&#8221; max_width_tablet=&#8221;90%&#8221; max_width_phone=&#8221;&#8221; max_width_last_edited=&#8221;on|desktop&#8221; module_alignment=&#8221;center&#8221; custom_margin=&#8221;||2px||false|false&#8221; custom_margin_tablet=&#8221;&#8221; custom_margin_phone=&#8221;&#8221; custom_margin_last_edited=&#8221;on|desktop&#8221; animation_style=&#8221;zoom&#8221; animation_intensity_zoom=&#8221;5%&#8221; text_font_size_tablet=&#8221;&#8221; text_font_size_phone=&#8221;&#8221; text_font_size_last_edited=&#8221;on|desktop&#8221; header_font_size_tablet=&#8221;48px&#8221; header_font_size_phone=&#8221;32px&#8221; header_font_size_last_edited=&#8221;on|phone&#8221; header_6_font_size_tablet=&#8221;&#8221; header_6_font_size_phone=&#8221;&#8221; header_6_font_size_last_edited=&#8221;on|desktop&#8221; locked=&#8221;off&#8221; global_colors_info=&#8221;{}&#8221; header_5_font_size__hover=&#8221;16px&#8221; header_5_font_size__hover_enabled=&#8221;16px&#8221; header_5_letter_spacing__hover=&#8221;0px&#8221; header_5_letter_spacing__hover_enabled=&#8221;0px&#8221; header_5_line_height__hover=&#8221;1em&#8221; header_5_line_height__hover_enabled=&#8221;1em&#8221; header_5_text_shadow_style__hover=&#8221;none&#8221; header_5_text_shadow_style__hover_enabled=&#8221;none&#8221; header_5_text_shadow_color__hover=&#8221;rgba(0,0,0,0.4)&#8221; header_5_text_shadow_color__hover_enabled=&#8221;rgba(0,0,0,0.4)&#8221;]<\/p>\n<h6>konsultacje indywidualne.<\/h6>\n<h1>Zapoznaj si\u0119 z ofert\u0105 konsultacji indywidualnych i wybierz najlepsz\u0105 dla siebie opcj\u0119 wsp\u00f3\u0142pracy.<\/h1>\n<p>&nbsp;<\/p>\n<p><span style=\"font-size: large;\">Kalendarz wraz z dost\u0119pnymi terminami znajduje si\u0119 na dole strony.<\/span><\/p>\n<p>*Oferta dotyczy rodzic\u00f3w dzieci od 0 m do 5 roku \u017cycia.<span style=\"font-size: large;\"><\/span><\/p>\n<p>&nbsp;<\/p>\n<p>[\/et_pb_text][\/et_pb_column][\/et_pb_row][et_pb_row _builder_version=&#8221;4.19.0&#8243; custom_padding=&#8221;||15px|||&#8221; global_colors_info=&#8221;{}&#8221;][et_pb_column type=&#8221;4_4&#8243; _builder_version=&#8221;4.16&#8243; global_colors_info=&#8221;{}&#8221;][et_pb_blurb url=&#8221;#&#8221; image_icon_width=&#8221;64px&#8221; content_max_width=&#8221;1100px&#8221; admin_label=&#8221;Chapter&#8221; _builder_version=&#8221;4.19.0&#8243; header_font=&#8221;Lora|700|||||||&#8221; header_text_color=&#8221;#2e2545&#8243; header_line_height=&#8221;1.5em&#8221; body_text_color=&#8221;#000000&#8243; body_font_size=&#8221;16px&#8221; body_line_height=&#8221;1.9em&#8221; background_color=&#8221;#FBFAF7&#8243; custom_margin=&#8221;|||&#8221; custom_padding=&#8221;30px|40px|30px|40px&#8221; animation_style=&#8221;zoom&#8221; animation_direction=&#8221;bottom&#8221; animation_intensity_zoom=&#8221;20%&#8221; animation_starting_opacity=&#8221;100%&#8221; box_shadow_style=&#8221;preset2&#8243; box_shadow_horizontal=&#8221;0px&#8221; box_shadow_vertical=&#8221;0px&#8221; box_shadow_blur=&#8221;60px&#8221; box_shadow_color=&#8221;rgba(71,74,182,0.12)&#8221; image_max_width=&#8221;64px&#8221; locked=&#8221;off&#8221; global_colors_info=&#8221;{}&#8221;]<\/p>\n<p><span style=\"color: #e09900;\"><strong>NOWO\u015a\u0106! <\/strong><\/span><span style=\"text-decoration: underline;\"><strong>Ca\u0142odniowe konsultacje g\u0142osowe.<\/strong><\/span><\/p>\n<p>Jest to jeden z najnowszych modeli prowadzenia konsultacji, kt\u00f3ry niedawno pojawi\u0142 si\u0119 na polskim rynku. Ca\u0142odniowe konsultacje g\u0142osowe (tzw. <strong>Voxer day<\/strong>) polegaj\u0105 na <strong>wymianie kr\u00f3tkich wiadomo\u015bci g\u0142osowych poprzez aplikacj\u0119 Watsapp<\/strong>. Jest to wygodne rozwi\u0105zanie dla os\u00f3b, kt\u00f3re np. nie maj\u0105 mo\u017cliwo\u015bci znalezienia okre\u015blonego czasu w ci\u0105gu dnia na d\u0142u\u017csze konsultacje (idealne rozwi\u0105zanie dla mam sp\u0119dzaj\u0105cymi czas z dzie\u0107mi :))<\/p>\n<p>Korzystaj\u0105c z ca\u0142odniowych konsultacji g\u0142osowych masz czas na to, aby<strong> dopyta\u0107 o rzeczy, kt\u00f3re mog\u0142yby umkn\u0105\u0107\u00a0 w trakcie konsultacji wideo lub telefonicznej,<\/strong> masz mo\u017cliwo\u015b\u0107 <strong>na bie\u017c\u0105co m\u00f3wi\u0107 o swoich wyzwaniach \/ w\u0105tpliwo\u015bciach i nie ma znaczenia miejsce w jakim aktualnie si\u0119 znajdujesz \ud83d\ude42\u00a0\u00a0<\/strong><\/p>\n<p>Co otrzymujesz w ramach Voxer day:<\/p>\n<ul>\n<li><strong>Kr\u00f3tkie szkolenie w formie audio \/ wideo<\/strong>, z kt\u00f3rym nale\u017cy zapozna\u0107 si\u0119 przed konsultacj\u0105. Nagranie zawiera najwa\u017cniejsze informacje dotycz\u0105ce snu Twojego maluszka, okien aktywno\u015bci, zalecanego planu dnia, usypiania na drzemki itp. Zapoznanie si\u0119 z nagraniem jest podstaw\u0105 naszej rozmowy. Nagranie nie jest d\u0142ugie i mo\u017cesz je ods\u0142ucha\u0107 np. w trakcie spaceru \ud83d\ude42<strong><\/strong><\/li>\n<li><strong>Kwestionariusz dotycz\u0105cy snu dziecka<\/strong> do wype\u0142nienia i odes\u0142ania przed rozmow\u0105 (abym mog\u0142a lepiej zapozna\u0107 si\u0119 z Wasz\u0105 sytuacj\u0105 i przygotowa\u0107 si\u0119 do naszej rozmowy).<\/li>\n<li><strong>Materia\u0142y cyfrowe<\/strong> &#8211; wybrane Szkolenia i Webinary, kt\u00f3re b\u0119d\u0105 Ci\u0119 wspiera\u0107 w dalszych post\u0119pach.<\/li>\n<li><strong>Dost\u0119p do zamkni\u0119tej Przestrzeni Wsparcia &#8211; <\/strong>spotykamy si\u0119 co tydzie\u0144 w formie sesji Q&amp;A.<\/li>\n<li><strong>20-minutowa konsultacja dodatkowa po 2 tygodniach.<\/strong><\/li>\n<\/ul>\n<p>Czas trwania konsultacji <strong>10.00 &#8211; 17.00<\/strong> (pon.-pt).<\/p>\n<p><strong>Jak zarezerwowa\u0107?<\/strong><\/p>\n<p>Wybierz <strong>dowolny dost\u0119pny termin oraz godzin\u0119 w kalendarzu. <\/strong>Niezale\u017cnie od zarezerwowanej przez Ciebie godziny<strong> zaczynamy o 10.00 ko\u0144czymy o 17.00 \ud83d\ude42<\/strong><\/p>\n<p>Korzystanie z jednodniowych konsultacji jest <strong>nielimitowane<\/strong>.<\/p>\n<p>Czas oczekiwania na odpowied\u017a <strong>nie przekracza 20 minut<\/strong>.<\/p>\n<p><span style=\"color: #e09900;\"><strong>WARTO\u015a\u0106 &#8211; 549 z\u0142\u00a0<\/strong><\/span><\/p>\n<p><span style=\"color: #e09900;\"><strong><\/strong><\/span><\/p>\n<p>[\/et_pb_blurb][et_pb_blurb title=&#8221;60-min wideokonsultacje dla nowych lub powracaj\u0105cych klient\u00f3w.&#8221; url=&#8221;#&#8221; image_icon_width=&#8221;64px&#8221; content_max_width=&#8221;1100px&#8221; admin_label=&#8221;Chapter&#8221; _builder_version=&#8221;4.19.0&#8243; header_font=&#8221;Lora|700|||||||&#8221; header_text_color=&#8221;#2e2545&#8243; header_line_height=&#8221;1.5em&#8221; body_text_color=&#8221;#000000&#8243; body_font_size=&#8221;16px&#8221; body_line_height=&#8221;1.9em&#8221; background_color=&#8221;#FBFAF7&#8243; custom_margin=&#8221;|||&#8221; custom_padding=&#8221;30px|40px|30px|40px&#8221; animation_style=&#8221;zoom&#8221; animation_direction=&#8221;bottom&#8221; animation_intensity_zoom=&#8221;20%&#8221; animation_starting_opacity=&#8221;100%&#8221; box_shadow_style=&#8221;preset2&#8243; box_shadow_horizontal=&#8221;0px&#8221; box_shadow_vertical=&#8221;0px&#8221; box_shadow_blur=&#8221;60px&#8221; box_shadow_color=&#8221;rgba(71,74,182,0.12)&#8221; image_max_width=&#8221;64px&#8221; locked=&#8221;off&#8221; global_colors_info=&#8221;{}&#8221;]<\/p>\n<p>&nbsp;<\/p>\n<p>Konsultacje prowadzone s\u0105 w formie wideo (online z wykorzystaniem platformy <strong>Webinar Web to Learn<\/strong>). G\u0142\u00f3wnym celem konsultacji jest om\u00f3wienie Waszej aktualnej sytuacji i znalezienie rozwi\u0105za\u0144, kt\u00f3re w nied\u0142ugim czasie znacznie poprawi\u0105 sen Waszego maluszka.<\/p>\n<p>Na konsultacjach omawiamy zar\u00f3wno sen jak i kwestie \u017cywieniowe (rozszerzanie diety, dob\u00f3r posi\u0142k\u00f3w, wyzwania \u017cywieniowe u starszych dzieci). Omawiamy r\u00f3wnie\u017c <strong>\u0142agodne metody nauki samodzielnego zasypiania<\/strong>, kt\u00f3re dopasowujemy do Waszej filozofii rodzicielstwa.<\/p>\n<p>Po konsultacji otrzymujecie:<\/p>\n<ul>\n<li><strong>dost\u0119p do zamkni\u0119tej\u00a0<\/strong><strong>Przestrzeni Wsparcia &#8211; <\/strong>spotykamy si\u0119 co tydzie\u0144 w formie sesji Q&amp;A.<\/li>\n<li><strong>nagranie<\/strong> naszego spotkania.<\/li>\n<li><strong>Materia\u0142y cyfrowe<\/strong> &#8211; wybrane Szkolenia i Webinary, kt\u00f3re b\u0119d\u0105 Ci\u0119 wspiera\u0107 w dalszych post\u0119pach.<\/li>\n<li><strong>Podsumowanie spotkania wraz z zaleceniami w formie pisemnej.<\/strong><\/li>\n<li><strong>20-minutowa konsultacja dodatkowa po 2 tygodniach.<\/strong><strong><\/strong><\/li>\n<\/ul>\n<p><span style=\"color: #e09900;\"><strong>WARTO\u015a\u0106:<\/strong><\/span><\/p>\n<p><span style=\"color: #e09900;\"><strong>Konsultacje dla nowych klient\u00f3w &#8211; 399 z\u0142<\/strong><\/span><\/p>\n<p><span style=\"color: #e09900;\"><strong>Konsultacje dla powracaj\u0105cych klient\u00f3w &#8211; 195 z\u0142<\/strong><\/span><span style=\"color: #e09900;\"><strong><\/strong><\/span><\/p>\n<p><span style=\"color: #e09900;\"><strong><\/strong><\/span><\/p>\n<p>[\/et_pb_blurb][et_pb_blurb title=&#8221;30-min konsultacje dla powracaj\u0105cych klient\u00f3w.&#8221; url=&#8221;#&#8221; image_icon_width=&#8221;64px&#8221; content_max_width=&#8221;1100px&#8221; admin_label=&#8221;Chapter&#8221; _builder_version=&#8221;4.16&#8243; header_font=&#8221;Lora|700|||||||&#8221; header_text_color=&#8221;#2e2545&#8243; header_line_height=&#8221;1.5em&#8221; body_text_color=&#8221;#000000&#8243; body_font_size=&#8221;16px&#8221; body_line_height=&#8221;1.9em&#8221; background_color=&#8221;#FBFAF7&#8243; custom_margin=&#8221;|||&#8221; custom_padding=&#8221;30px|40px|30px|40px&#8221; animation_style=&#8221;zoom&#8221; animation_direction=&#8221;bottom&#8221; animation_intensity_zoom=&#8221;20%&#8221; animation_starting_opacity=&#8221;100%&#8221; box_shadow_style=&#8221;preset2&#8243; box_shadow_horizontal=&#8221;0px&#8221; box_shadow_vertical=&#8221;0px&#8221; box_shadow_blur=&#8221;60px&#8221; box_shadow_color=&#8221;rgba(71,74,182,0.12)&#8221; image_max_width=&#8221;64px&#8221; locked=&#8221;off&#8221; global_colors_info=&#8221;{}&#8221;]<\/p>\n<p>Konsultacje prowadzone s\u0105 w formie telefonicznej i skierowane s\u0105 do os\u00f3b, kt\u00f3re skorzysta\u0142y wcze\u015bniej z mojego wsparcia (w formie konsultacji).<\/p>\n<p><span style=\"color: #e09900;\"><strong>WARTO\u015a\u0106 &#8211; 95 z\u0142<\/strong><\/span><\/p>\n<p><span style=\"color: #e09900;\"><strong><\/strong><\/span><\/p>\n<p>[\/et_pb_blurb][et_pb_blurb title=&#8221;3-tygodniowe WSPARCIE INDYWIDUALNE przy wprowadzaniu nauki zasypiania.&#8221; url=&#8221;#&#8221; image_icon_width=&#8221;64px&#8221; content_max_width=&#8221;1100px&#8221; admin_label=&#8221;Chapter&#8221; _builder_version=&#8221;4.19.0&#8243; header_font=&#8221;Lora|700|||||||&#8221; header_text_color=&#8221;#2e2545&#8243; header_line_height=&#8221;1.5em&#8221; body_text_color=&#8221;#000000&#8243; body_font_size=&#8221;16px&#8221; body_line_height=&#8221;1.9em&#8221; background_color=&#8221;#FBFAF7&#8243; custom_margin=&#8221;|||&#8221; custom_padding=&#8221;30px|40px|30px|40px&#8221; animation_style=&#8221;zoom&#8221; animation_direction=&#8221;bottom&#8221; animation_intensity_zoom=&#8221;20%&#8221; animation_starting_opacity=&#8221;100%&#8221; box_shadow_style=&#8221;preset2&#8243; box_shadow_horizontal=&#8221;0px&#8221; box_shadow_vertical=&#8221;0px&#8221; box_shadow_blur=&#8221;60px&#8221; box_shadow_color=&#8221;rgba(71,74,182,0.12)&#8221; image_max_width=&#8221;64px&#8221; locked=&#8221;off&#8221; global_colors_info=&#8221;{}&#8221;]<\/p>\n<p>Przez okres trzech tygodni towarzysz\u0119 Wam podczas wprowadzania zmian. Jeste\u015bmy w ci\u0105g\u0142ym kontakcie sms lub przez aplikacj\u0119 Watsapp.\u00a0<\/p>\n<p>Co zawiera pakiet 3-tygodniowej wsp\u00f3\u0142pracy indywidualnej:<\/p>\n<ul>\n<li><strong>Kwestionariusz<\/strong> dotycz\u0105cy snu dziecka do wype\u0142nienia i odes\u0142ania przed rozmow\u0105 (abym mog\u0142a lepiej zapozna\u0107 si\u0119 z Wasz\u0105 sytuacj\u0105 i przygotowa\u0107 si\u0119 do naszej rozmowy)<\/li>\n<li>Wprowadzaj\u0105c\u0105 <strong>wideokonsultacj\u0119<\/strong> (do 90 min), na kt\u00f3rej omawiamy dok\u0142adnie Wasz\u0105 sytuacj\u0119, dostosowujemy zalecane zmiany, plan \u017cywieniowy oraz metod\u0119 nauki samodzielnego zasypiania dopasowan\u0105 do Waszej rodziny.<strong><\/strong><\/li>\n<li><b>Nagranie <\/b>naszego spotkania.<strong><\/strong><\/li>\n<li><strong>Kompletny Plan Dzia\u0142ania<\/strong>\u00a0 stworzony w oparciu o nasz\u0105 konsultacj\u0119, kt\u00f3ry b\u0119dzie podstaw\u0105 naszej wsp\u00f3\u0142pracy.<\/li>\n<li><strong>Nielimitowane wsparcie w formie sms \/ wiadomo\u015bci na Watsapp<\/strong> w godzinach od 9.00 do 20.00.<\/li>\n<li><strong>Dost\u0119p do zamkni\u0119tej <\/strong><strong>Przestrzeni Wsparcia &#8211; <\/strong>spotykamy si\u0119 co tydzie\u0144 w formie sesji Q&amp;A.<\/li>\n<\/ul>\n<p>Wa\u017cne! Us\u0142uga jest limitowana. Jednocze\u015bnie jestem w stanie podj\u0105\u0107 wsp\u00f3\u0142prac\u0119 indywidualn\u0105 z trzema rodzinami.<\/p>\n<p><span style=\"text-decoration: underline;\"><strong>Je\u015bli chcesz rozpocz\u0105\u0107 ze mn\u0105 wsp\u00f3\u0142prac\u0119 indywidualn\u0105 i ustali\u0107 dogodny dla Was termin zadzwo\u0144: (+48) 509.161.648.\u00a0<\/strong><\/span><\/p>\n<p><span style=\"color: #e09900;\"><strong>WARTO\u015a\u0106 &#8211; 1900 z\u0142<\/strong><\/span><\/p>\n<p>[\/et_pb_blurb][\/et_pb_column][\/et_pb_row][\/et_pb_section][et_pb_section fb_built=&#8221;1&#8243; _builder_version=&#8221;4.19.0&#8243; _module_preset=&#8221;default&#8221; global_colors_info=&#8221;{}&#8221;][et_pb_row _builder_version=&#8221;4.19.0&#8243; _module_preset=&#8221;default&#8221; global_colors_info=&#8221;{}&#8221;][et_pb_column type=&#8221;4_4&#8243; _builder_version=&#8221;4.19.0&#8243; _module_preset=&#8221;default&#8221; global_colors_info=&#8221;{}&#8221;][et_pb_code _builder_version=&#8221;4.19.0&#8243; _module_preset=&#8221;default&#8221; text_orientation=&#8221;left&#8221; global_colors_info=&#8221;{}&#8221;]<script type=\"text\/javascript\">\nif(bookero_config == undefined){\n    var bookero_config = [];\n}\nvar bookero_instance_config = {\n    id: 'LNB63fy0Ns9P',\n    container: 'bookero_69e77dd916392',\n    type: 'calendar',\n    position: '',\n    plugin_css: true,\n    lang: 'pl',\n    custom_config: {}\n};\nbookero_config.push(bookero_instance_config);\n<\/script><div id=\"bookero_69e77dd916392\"><\/div>[\/et_pb_code][\/et_pb_column][\/et_pb_row][\/et_pb_section][et_pb_section fb_built=&#8221;1&#8243; _builder_version=&#8221;4.16&#8243; background_color=&#8221;rgba(209,197,186,0.16)&#8221; custom_padding=&#8221;4px||4px|||&#8221; global_colors_info=&#8221;{}&#8221;][et_pb_row column_structure=&#8221;1_2,1_2&#8243; _builder_version=&#8221;4.16&#8243; global_colors_info=&#8221;{}&#8221;][et_pb_column type=&#8221;1_2&#8243; _builder_version=&#8221;4.16&#8243; global_colors_info=&#8221;{}&#8221;][et_pb_button button_url=&#8221;https:\/\/drive.google.com\/file\/d\/1125Ua2T3USRicOSMdf0nbld7i8CsHgS7\/view?usp=sharing&#8221; url_new_window=&#8221;on&#8221; button_text=&#8221;Polityka prywatno\u015bci&#8221; button_alignment=&#8221;center&#8221; _builder_version=&#8221;4.19.0&#8243; custom_button=&#8221;on&#8221; button_text_size=&#8221;15px&#8221; button_text_color=&#8221;#000000&#8243; button_bg_color=&#8221;rgba(208,152,60,0)&#8221; button_border_width=&#8221;0px&#8221; button_border_color=&#8221;#d0983c&#8221; button_font=&#8221;|600|||||||&#8221; button_icon=&#8221;&#x24;||divi||400&#8243; custom_margin=&#8221;20px||||false|false&#8221; custom_margin_tablet=&#8221;&#8221; custom_margin_phone=&#8221;&#8221; custom_margin_last_edited=&#8221;on|desktop&#8221; button_border_width_tablet=&#8221;&#8221; button_border_width_phone=&#8221;&#8221; button_border_width_last_edited=&#8221;on|desktop&#8221; global_colors_info=&#8221;{}&#8221;][\/et_pb_button][\/et_pb_column][et_pb_column type=&#8221;1_2&#8243; _builder_version=&#8221;4.16&#8243; global_colors_info=&#8221;{}&#8221;][et_pb_button button_url=&#8221;https:\/\/drive.google.com\/file\/d\/16bYQ8pBH53bnJW6H0kLAaX4nKXrAO3IT\/view?usp=sharing&#8221; url_new_window=&#8221;on&#8221; button_text=&#8221;Regulamin zakupu&#8221; button_alignment=&#8221;center&#8221; _builder_version=&#8221;4.19.0&#8243; custom_button=&#8221;on&#8221; button_text_size=&#8221;15px&#8221; button_text_color=&#8221;#000000&#8243; button_bg_color=&#8221;rgba(208,152,60,0)&#8221; button_border_width=&#8221;0px&#8221; button_border_color=&#8221;#d0983c&#8221; button_font=&#8221;|600|||||||&#8221; button_icon=&#8221;&#x24;||divi||400&#8243; custom_margin=&#8221;20px||||false|false&#8221; custom_margin_tablet=&#8221;&#8221; custom_margin_phone=&#8221;&#8221; custom_margin_last_edited=&#8221;on|desktop&#8221; button_border_width_tablet=&#8221;&#8221; button_border_width_phone=&#8221;&#8221; button_border_width_last_edited=&#8221;on|desktop&#8221; global_colors_info=&#8221;{}&#8221;][\/et_pb_button][\/et_pb_column][\/et_pb_row][et_pb_row _builder_version=&#8221;4.16&#8243; custom_padding=&#8221;2px|||||&#8221; global_colors_info=&#8221;{}&#8221;][et_pb_column type=&#8221;4_4&#8243; _builder_version=&#8221;4.16&#8243; global_colors_info=&#8221;{}&#8221;][et_pb_text _builder_version=&#8221;4.16&#8243; text_font=&#8221;Open Sans|600|||||||&#8221; text_text_color=&#8221;#000000&#8243; text_orientation=&#8221;center&#8221; global_colors_info=&#8221;{}&#8221;]Copyright 2020 | Projekt <a href=\"https:\/\/www.monikafilarowska.com\">Monika Filarowska<\/a>[\/et_pb_text][\/et_pb_column][\/et_pb_row][\/et_pb_section]<\/p>\n","protected":false},"excerpt":{"rendered":"<p>konsultacje indywidualne. Zapoznaj si\u0119 z ofert\u0105 konsultacji indywidualnych i wybierz najlepsz\u0105 dla siebie opcj\u0119 wsp\u00f3\u0142pracy. &nbsp; Kalendarz wraz z dost\u0119pnymi terminami znajduje si\u0119 na dole strony. *Oferta dotyczy rodzic\u00f3w dzieci od 0 m do 5 roku \u017cycia. &nbsp;NOWO\u015a\u0106! Ca\u0142odniowe konsultacje g\u0142osowe. Jest to jeden z najnowszych modeli prowadzenia konsultacji, kt\u00f3ry niedawno pojawi\u0142 si\u0119 na polskim [&hellip;]<\/p>\n","protected":false},"author":2,"featured_media":0,"parent":0,"menu_order":0,"comment_status":"closed","ping_status":"closed","template":"","meta":{"_et_pb_use_builder":"on","_et_pb_old_content":"","_et_gb_content_width":"","om_disable_all_campaigns":false,"footnotes":""},"class_list":["post-215508","page","type-page","status-publish","hentry"],"_links":{"self":[{"href":"https:\/\/holistycznie.me\/index.php\/wp-json\/wp\/v2\/pages\/215508","targetHints":{"allow":["GET"]}}],"collection":[{"href":"https:\/\/holistycznie.me\/index.php\/wp-json\/wp\/v2\/pages"}],"about":[{"href":"https:\/\/holistycznie.me\/index.php\/wp-json\/wp\/v2\/types\/page"}],"author":[{"embeddable":true,"href":"https:\/\/holistycznie.me\/index.php\/wp-json\/wp\/v2\/users\/2"}],"replies":[{"embeddable":true,"href":"https:\/\/holistycznie.me\/index.php\/wp-json\/wp\/v2\/comments?post=215508"}],"version-history":[{"count":20,"href":"https:\/\/holistycznie.me\/index.php\/wp-json\/wp\/v2\/pages\/215508\/revisions"}],"predecessor-version":[{"id":216292,"href":"https:\/\/holistycznie.me\/index.php\/wp-json\/wp\/v2\/pages\/215508\/revisions\/216292"}],"wp:attachment":[{"href":"https:\/\/holistycznie.me\/index.php\/wp-json\/wp\/v2\/media?parent=215508"}],"curies":[{"name":"wp","href":"https:\/\/api.w.org\/{rel}","templated":true}]}}