{"id":215370,"date":"2023-04-12T15:16:22","date_gmt":"2023-04-12T13:16:22","guid":{"rendered":"http:\/\/holistycznie.me\/?page_id=215370"},"modified":"2024-09-30T20:33:14","modified_gmt":"2024-09-30T18:33:14","slug":"o-mnie","status":"publish","type":"page","link":"https:\/\/holistycznie.me\/index.php\/o-mnie\/","title":{"rendered":"O MNIE"},"content":{"rendered":"<p>[et_pb_section fb_built=&#8221;1&#8243; custom_padding_last_edited=&#8221;on|phone&#8221; admin_label=&#8221;Our Story Section&#8221; _builder_version=&#8221;4.16&#8243; custom_padding=&#8221;36px||1px|||&#8221; custom_padding_tablet=&#8221;&#8221; custom_padding_phone=&#8221;60px||0px||false|false&#8221; global_colors_info=&#8221;{}&#8221;][et_pb_row column_structure=&#8221;1_2,1_2&#8243; use_custom_gutter=&#8221;on&#8221; gutter_width=&#8221;0&#8243; make_equal=&#8221;on&#8221; admin_label=&#8221;About Area&#8221; _builder_version=&#8221;4.19.0&#8243; background_color=&#8221;#fbfaf7&#8243; width=&#8221;100%&#8221; max_width=&#8221;100%&#8221; min_height=&#8221;1529.9px&#8221; max_height=&#8221;883px&#8221; custom_margin=&#8221;-30px|auto||auto||&#8221; custom_padding=&#8221;0px||0px|||&#8221; use_custom_width=&#8221;on&#8221; width_unit=&#8221;off&#8221; custom_width_percent=&#8221;100%&#8221; global_colors_info=&#8221;{}&#8221;][et_pb_column type=&#8221;1_2&#8243; _builder_version=&#8221;4.16&#8243; background_color=&#8221;#FBFAF7&#8243; custom_padding=&#8221;10%|5%|10%|5%&#8221; global_colors_info=&#8221;{}&#8221; custom_padding__hover=&#8221;|||&#8221;][et_pb_text _builder_version=&#8221;4.19.0&#8243; text_font=&#8221;Open Sans||||||||&#8221; text_text_color=&#8221;#3a3a3a&#8221; text_font_size=&#8221;18px&#8221; text_line_height=&#8221;2em&#8221; header_font=&#8221;Lora|700|||||||&#8221; header_text_align=&#8221;center&#8221; header_text_color=&#8221;#3a3a3a&#8221; header_font_size=&#8221;45px&#8221; header_line_height=&#8221;1.4em&#8221; header_6_font=&#8221;Open Sans|600||on|||||&#8221; header_6_text_align=&#8221;center&#8221; header_6_text_color=&#8221;#d0983c&#8221; header_6_letter_spacing=&#8221;5px&#8221; header_6_line_height=&#8221;1.6em&#8221; text_orientation=&#8221;center&#8221; max_width=&#8221;600px&#8221; max_width_tablet=&#8221;90%&#8221; max_width_phone=&#8221;&#8221; max_width_last_edited=&#8221;on|desktop&#8221; module_alignment=&#8221;center&#8221; text_font_size_tablet=&#8221;&#8221; text_font_size_phone=&#8221;&#8221; text_font_size_last_edited=&#8221;on|desktop&#8221; header_font_size_tablet=&#8221;48px&#8221; header_font_size_phone=&#8221;32px&#8221; header_font_size_last_edited=&#8221;on|phone&#8221; header_6_font_size_tablet=&#8221;&#8221; header_6_font_size_phone=&#8221;&#8221; header_6_font_size_last_edited=&#8221;on|desktop&#8221; locked=&#8221;off&#8221; global_colors_info=&#8221;{}&#8221; header_5_font_size__hover=&#8221;16px&#8221; header_5_font_size__hover_enabled=&#8221;16px&#8221; header_5_letter_spacing__hover=&#8221;0px&#8221; header_5_letter_spacing__hover_enabled=&#8221;0px&#8221; header_5_line_height__hover=&#8221;1em&#8221; header_5_line_height__hover_enabled=&#8221;1em&#8221; header_5_text_shadow_style__hover=&#8221;none&#8221; header_5_text_shadow_style__hover_enabled=&#8221;none&#8221; header_5_text_shadow_color__hover=&#8221;rgba(0,0,0,0.4)&#8221; header_5_text_shadow_color__hover_enabled=&#8221;rgba(0,0,0,0.4)&#8221;]<\/p>\n<h6>Witaj!<\/h6>\n<h2><\/h2>\n<h2>Nazywam si\u0119 Monika Bielan-G\u0105sior.<\/h2>\n<p>&nbsp;<\/p>\n<p>Od 2018 roku prowadz\u0119 praktyk\u0119 jako <strong>Konsultantka ds. snu dziecka, <\/strong>rok p\u00f3\u017aniej uko\u0144czy\u0142am <strong>Specjalizacj\u0119 z dietetyki og\u00f3lnej i \u017cywienia dzieci.<\/strong><\/p>\n<p>Z wykszta\u0142cenia jestem <strong>pedagogiem<\/strong>, mia\u0142am r\u00f3wnie\u017c okazj\u0119 pracowa\u0107 w szkole z m\u0142odzie\u017c\u0105 w wieku gimnazjalnym i licealnym.<\/p>\n<p>Ogromn\u0105 cz\u0119\u015b\u0107 mojego \u017cycia zawodowego i osobistego stanowi dzia\u0142alno\u015b\u0107 pomocowa, kt\u00f3ra przynosi mi ogrom rado\u015bci i spe\u0142nienia.<\/p>\n<p>W 2020 roku rozpocz\u0119\u0142am proces kszta\u0142cenia <strong>w szkole psychoterapii<\/strong>.<\/p>\n<p>Jestem absolwentk\u0105 <strong>Centrum Terapii Skoncentrowanej na Rozwi\u0105zaniach<\/strong> w procesie certyfikacji. Moja praca obj\u0119ta jest sta\u0142\u0105 superwizj\u0105 i terapi\u0105 w\u0142asn\u0105, co jest nieod\u0142\u0105cznym elementem procesu certyfikacyjnego.<\/p>\n<p><strong>Jestem cz\u0142onkiem Polskiego Stowarzyszenia Terapeut\u00f3w Terapii Skoncentrowanej na Rozwi\u0105zaniach.<\/strong><\/p>\n<p>Jestem tak\u017ce absolwentk\u0105 studi\u00f3w podyplomowych z\u00a0 <strong>Psychologii Pozytywnej<\/strong>\u00a0i elementy tego nurtu w\u0142\u0105czam do mojej codziennej praktyki z klientami.<\/p>\n<p>Prowadz\u0119 konsultacje terapeutyczne w <strong>formie on-line<\/strong> (spotykamy si\u0119 na platformie do spotka\u0144 online lub przez Watsapp) lub<strong> w gabinecie w Ustce.<\/strong><\/p>\n<p>Wsp\u00f3\u0142pracuj\u0119 r\u00f3wnie\u017c z portalem psychoterapeutycznym Wellbee jako <strong>interwent kryzysowy<\/strong><strong>.<\/strong><\/p>\n<p>Moj\u0105 prac\u0119 charakteryzuje<strong> podej\u015bcie holistyczne,<\/strong> kt\u00f3re zak\u0142ada, \u017ce aby <strong>uzdrowi\u0107 jeden obszar w \u017cyciu jednostki\u00a0 \/ rodziny nale\u017cy zaopiekowa\u0107 si\u0119 r\u00f3wnie\u017c pozosta\u0142ymi sferami jego \u017cycia.<\/strong><\/p>\n<p><strong><img loading=\"lazy\" decoding=\"async\" src=\"http:\/\/holistycznie.me\/wp-content\/uploads\/2023\/04\/Projekt-bez-tytulu-41-300x251.png\" width=\"55\" height=\"46\" alt=\"\" class=\"wp-image-215483 alignnone size-medium\" style=\"display: block; margin-left: auto; margin-right: auto;\" \/><\/strong><\/p>\n<p>[\/et_pb_text][\/et_pb_column][et_pb_column type=&#8221;1_2&#8243; _builder_version=&#8221;4.19.0&#8243; background_enable_color=&#8221;off&#8221; background_enable_image=&#8221;off&#8221; custom_padding=&#8221;10%|5%|10%|5%|false|false&#8221; custom_padding_tablet=&#8221;30%||30%||false|false&#8221; custom_padding_phone=&#8221;40%||40%||false|false&#8221; custom_padding_last_edited=&#8221;on|phone&#8221; global_colors_info=&#8221;{}&#8221; custom_padding__hover=&#8221;|||&#8221;][et_pb_text _builder_version=&#8221;4.19.0&#8243; text_text_color=&#8221;rgba(0,0,0,0)&#8221; background_image=&#8221;http:\/\/holistycznie.me\/wp-content\/uploads\/2023\/07\/20220630_082133-scaled.webp&#8221; global_colors_info=&#8221;{}&#8221;]<\/p>\n<p>Your content goes here. Edit or remove this text inline or in the module Content settings. You can also style every aspect of this content in the module Design settings and even apply custom CSS to this text in the module Advanced settings.Your content goes here. Edit or remove this text inline or in the module Content settings. You can also style every aspect of this content in the module Design settings and even apply custom CSS to this text in the module Advanced settings.<\/p>\n<p>&nbsp;<\/p>\n<p>&nbsp;<\/p>\n<p>&nbsp;<\/p>\n<p>&nbsp;<\/p>\n<p>&nbsp;<\/p>\n<p>&nbsp;<\/p>\n<p>&nbsp;<\/p>\n<p>&nbsp;<\/p>\n<p>&nbsp;<\/p>\n<p>&nbsp;<\/p>\n<p>&nbsp;<\/p>\n<p>&nbsp;<\/p>\n<p>&nbsp;<\/p>\n<p>&nbsp;<\/p>\n<p>&nbsp;<\/p>\n<p>&nbsp;<\/p>\n<p>&nbsp;<\/p>\n<p>&nbsp;<\/p>\n<p>[\/et_pb_text][\/et_pb_column][\/et_pb_row][et_pb_row column_structure=&#8221;1_2,1_2&#8243; admin_label=&#8221;Our Story&#8221; _builder_version=&#8221;4.19.0&#8243; background_size=&#8221;initial&#8221; background_position=&#8221;top_left&#8221; background_repeat=&#8221;repeat&#8221; custom_margin_tablet=&#8221;-35px||||false|false&#8221; custom_margin_phone=&#8221;&#8221; custom_margin_last_edited=&#8221;on|tablet&#8221; global_colors_info=&#8221;{}&#8221;][et_pb_column type=&#8221;1_2&#8243; _builder_version=&#8221;4.16&#8243; custom_padding=&#8221;|||&#8221; global_colors_info=&#8221;{}&#8221; custom_padding__hover=&#8221;|||&#8221;][et_pb_text admin_label=&#8221;Title&#8221; _builder_version=&#8221;4.19.0&#8243; text_font=&#8221;||||&#8221; text_text_color=&#8221;#3e3f56&#8243; header_font=&#8221;Lora|700|||||||&#8221; header_text_align=&#8221;left&#8221; header_text_color=&#8221;#e09900&#8243; header_line_height=&#8221;1.3em&#8221; background_size=&#8221;initial&#8221; background_position=&#8221;top_left&#8221; background_repeat=&#8221;repeat&#8221; text_orientation=&#8221;center&#8221; module_alignment=&#8221;center&#8221; header_font_size_tablet=&#8221;&#8221; header_font_size_phone=&#8221;24px&#8221; header_font_size_last_edited=&#8221;on|phone&#8221; global_colors_info=&#8221;{}&#8221;]<\/p>\n<h1><\/h1>\n<h1>Moje bio.<\/h1>\n<p>[\/et_pb_text][et_pb_blurb title=&#8221;Szkolenie w mi\u0119dzynarodowym Instytucie International Parenting and Health Institute na kierunku Maternity and Child Sleep Consultant.&#8221; use_icon=&#8221;on&#8221; font_icon=&#8221;&#x3d;||divi||400&#8243; icon_color=&#8221;#e09900&#8243; icon_placement=&#8221;left&#8221; image_icon_width=&#8221;30px&#8221; admin_label=&#8221;Phone&#8221; _builder_version=&#8221;4.19.0&#8243; header_font=&#8221;Open Sans|600|||||||&#8221; header_text_color=&#8221;#3a3a3a&#8221; header_font_size=&#8221;17px&#8221; header_line_height=&#8221;1.9em&#8221; body_font=&#8221;Open Sans||||&#8221; background_size=&#8221;initial&#8221; background_position=&#8221;top_left&#8221; background_repeat=&#8221;repeat&#8221; custom_margin=&#8221;|||&#8221; custom_padding=&#8221;|||&#8221; icon_font_size=&#8221;30px&#8221; global_colors_info=&#8221;{}&#8221;][\/et_pb_blurb][et_pb_blurb title=&#8221;Cz\u0142onkostwo w Mi\u0119dzynarodowym Stowarzyszeniu Konsultantek ds. snu dziecka (International Association of Child Sleep Consultants) oraz w Mi\u0119dzynarodowym Stowarzyszeniu Ekspert\u00f3w od Snu Dziecka (International Pediatric Sleep Association).&#8221; use_icon=&#8221;on&#8221; font_icon=&#8221;&#x3d;||divi||400&#8243; icon_color=&#8221;#e09900&#8243; icon_placement=&#8221;left&#8221; image_icon_width=&#8221;30px&#8221; admin_label=&#8221;Phone&#8221; _builder_version=&#8221;4.19.0&#8243; header_font=&#8221;Open Sans|600|||||||&#8221; header_text_color=&#8221;#3a3a3a&#8221; header_font_size=&#8221;17px&#8221; header_line_height=&#8221;1.9em&#8221; body_font=&#8221;Open Sans||||&#8221; background_size=&#8221;initial&#8221; background_position=&#8221;top_left&#8221; background_repeat=&#8221;repeat&#8221; custom_margin=&#8221;|||&#8221; custom_padding=&#8221;|||&#8221; icon_font_size=&#8221;30px&#8221; global_colors_info=&#8221;{}&#8221;][\/et_pb_blurb][et_pb_blurb title=&#8221;Uzyskanie tytu\u0142u Dietetyk og\u00f3lny I stopnia (Instytut Dietyki i Promocji Zdrowia) oraz Specjalista \u017cywienia dzieci (Akademia Dietetyki przy NFZ).&#8221; use_icon=&#8221;on&#8221; font_icon=&#8221;&#x3d;||divi||400&#8243; icon_color=&#8221;#e09900&#8243; icon_placement=&#8221;left&#8221; image_icon_width=&#8221;30px&#8221; admin_label=&#8221;Phone&#8221; _builder_version=&#8221;4.19.0&#8243; header_font=&#8221;Open Sans|600|||||||&#8221; header_text_color=&#8221;#3a3a3a&#8221; header_font_size=&#8221;17px&#8221; header_line_height=&#8221;1.9em&#8221; body_font=&#8221;Open Sans||||&#8221; background_size=&#8221;initial&#8221; background_position=&#8221;top_left&#8221; background_repeat=&#8221;repeat&#8221; custom_margin=&#8221;|||&#8221; custom_padding=&#8221;0px|||||&#8221; icon_font_size=&#8221;30px&#8221; global_colors_info=&#8221;{}&#8221;][\/et_pb_blurb][\/et_pb_column][et_pb_column type=&#8221;1_2&#8243; _builder_version=&#8221;4.16&#8243; custom_padding=&#8221;|||&#8221; global_colors_info=&#8221;{}&#8221; custom_padding__hover=&#8221;|||&#8221;][et_pb_blurb title=&#8221;Uko\u0144czenie Centrum Terapii Skoncentrowanej na Rozwi\u0105zaniach, otwarcie w 2021 roku procesu certyfikacyjnego. &#8221; use_icon=&#8221;on&#8221; font_icon=&#8221;&#x3d;||divi||400&#8243; icon_color=&#8221;#e09900&#8243; icon_placement=&#8221;left&#8221; image_icon_width=&#8221;30px&#8221; admin_label=&#8221;Phone&#8221; _builder_version=&#8221;4.19.0&#8243; header_font=&#8221;Open Sans|600|||||||&#8221; header_text_color=&#8221;#3a3a3a&#8221; header_font_size=&#8221;17px&#8221; header_line_height=&#8221;1.9em&#8221; body_font=&#8221;Open Sans||||&#8221; background_size=&#8221;initial&#8221; background_position=&#8221;top_left&#8221; background_repeat=&#8221;repeat&#8221; custom_margin=&#8221;|||&#8221; custom_padding=&#8221;|||&#8221; icon_font_size=&#8221;30px&#8221; global_colors_info=&#8221;{}&#8221;][\/et_pb_blurb][et_pb_blurb title=&#8221;Uko\u0144czenie studi\u00f3w podyplomowych z Psychologii Pozytywnej &#8211; specjalizacja Trener Umiej\u0119tno\u015bci Psychospo\u0142ecznych.&#8221; use_icon=&#8221;on&#8221; font_icon=&#8221;&#x3d;||divi||400&#8243; icon_color=&#8221;#e09900&#8243; icon_placement=&#8221;left&#8221; image_icon_width=&#8221;30px&#8221; admin_label=&#8221;Phone&#8221; _builder_version=&#8221;4.19.0&#8243; header_font=&#8221;Open Sans|600|||||||&#8221; header_text_color=&#8221;#3a3a3a&#8221; header_font_size=&#8221;17px&#8221; header_line_height=&#8221;1.9em&#8221; body_font=&#8221;Open Sans||||&#8221; background_size=&#8221;initial&#8221; background_position=&#8221;top_left&#8221; background_repeat=&#8221;repeat&#8221; custom_margin=&#8221;|||&#8221; custom_padding=&#8221;|||&#8221; icon_font_size=&#8221;30px&#8221; global_colors_info=&#8221;{}&#8221;][\/et_pb_blurb][et_pb_blurb title=&#8221;Cz\u0142onkostwo w Polskim Stowarzyszeniu Terapeut\u00f3w Terapii Skoncentrowanej na Rozwi\u0105zaniach. &#8221; use_icon=&#8221;on&#8221; font_icon=&#8221;&#x3d;||divi||400&#8243; icon_color=&#8221;#e09900&#8243; icon_placement=&#8221;left&#8221; image_icon_width=&#8221;30px&#8221; admin_label=&#8221;Phone&#8221; _builder_version=&#8221;4.19.0&#8243; header_font=&#8221;Open Sans|600|||||||&#8221; header_text_color=&#8221;#3a3a3a&#8221; header_font_size=&#8221;17px&#8221; header_line_height=&#8221;1.9em&#8221; body_font=&#8221;Open Sans||||&#8221; background_size=&#8221;initial&#8221; background_position=&#8221;top_left&#8221; background_repeat=&#8221;repeat&#8221; custom_margin=&#8221;|||&#8221; custom_padding=&#8221;|||&#8221; icon_font_size=&#8221;30px&#8221; global_colors_info=&#8221;{}&#8221;][\/et_pb_blurb][et_pb_button _builder_version=&#8221;4.16&#8243; global_colors_info=&#8221;{}&#8221; button_text_size__hover_enabled=&#8221;off&#8221; button_one_text_size__hover_enabled=&#8221;off&#8221; button_two_text_size__hover_enabled=&#8221;off&#8221; button_text_color__hover_enabled=&#8221;off&#8221; button_one_text_color__hover_enabled=&#8221;off&#8221; button_two_text_color__hover_enabled=&#8221;off&#8221; button_border_width__hover_enabled=&#8221;off&#8221; button_one_border_width__hover_enabled=&#8221;off&#8221; button_two_border_width__hover_enabled=&#8221;off&#8221; button_border_color__hover_enabled=&#8221;off&#8221; button_one_border_color__hover_enabled=&#8221;off&#8221; button_two_border_color__hover_enabled=&#8221;off&#8221; button_border_radius__hover_enabled=&#8221;off&#8221; button_one_border_radius__hover_enabled=&#8221;off&#8221; button_two_border_radius__hover_enabled=&#8221;off&#8221; button_letter_spacing__hover_enabled=&#8221;off&#8221; button_one_letter_spacing__hover_enabled=&#8221;off&#8221; button_two_letter_spacing__hover_enabled=&#8221;off&#8221; button_bg_color__hover_enabled=&#8221;off&#8221; button_one_bg_color__hover_enabled=&#8221;off&#8221; button_two_bg_color__hover_enabled=&#8221;off&#8221;][\/et_pb_button][\/et_pb_column][\/et_pb_row][et_pb_row use_custom_gutter=&#8221;on&#8221; gutter_width=&#8221;0&#8243; make_equal=&#8221;on&#8221; admin_label=&#8221;About Area&#8221; _builder_version=&#8221;4.19.0&#8243; background_color=&#8221;#fbfaf7&#8243; width=&#8221;100%&#8221; max_width=&#8221;100%&#8221; min_height=&#8221;94.7px&#8221; custom_margin=&#8221;22px|auto||auto|false|false&#8221; custom_padding=&#8221;0px||0px|&#8221; use_custom_width=&#8221;on&#8221; width_unit=&#8221;off&#8221; custom_width_percent=&#8221;100%&#8221; global_colors_info=&#8221;{}&#8221;][et_pb_column type=&#8221;4_4&#8243; _builder_version=&#8221;4.16&#8243; background_color=&#8221;#fbfaf7&#8243; background_enable_image=&#8221;off&#8221; custom_padding=&#8221;10%|5%|10%|5%&#8221; global_colors_info=&#8221;{}&#8221; custom_padding__hover=&#8221;|||&#8221;][et_pb_text _builder_version=&#8221;4.19.0&#8243; text_font=&#8221;Open Sans||||||||&#8221; text_text_color=&#8221;#3a3a3a&#8221; text_font_size=&#8221;17px&#8221; text_line_height=&#8221;2em&#8221; header_font=&#8221;Lora|700|||||||&#8221; header_text_align=&#8221;center&#8221; header_text_color=&#8221;#3a3a3a&#8221; header_font_size=&#8221;45px&#8221; header_line_height=&#8221;1.4em&#8221; header_6_font=&#8221;Dancing Script|600|||||||&#8221; header_6_text_align=&#8221;center&#8221; header_6_text_color=&#8221;#d0983c&#8221; header_6_font_size=&#8221;30px&#8221; header_6_letter_spacing=&#8221;5px&#8221; header_6_line_height=&#8221;1.6em&#8221; text_orientation=&#8221;center&#8221; max_width=&#8221;600px&#8221; max_width_tablet=&#8221;90%&#8221; max_width_phone=&#8221;&#8221; max_width_last_edited=&#8221;on|desktop&#8221; module_alignment=&#8221;center&#8221; text_font_size_tablet=&#8221;&#8221; text_font_size_phone=&#8221;&#8221; text_font_size_last_edited=&#8221;on|desktop&#8221; header_font_size_tablet=&#8221;48px&#8221; header_font_size_phone=&#8221;32px&#8221; header_font_size_last_edited=&#8221;on|phone&#8221; header_6_font_size_tablet=&#8221;&#8221; header_6_font_size_phone=&#8221;&#8221; header_6_font_size_last_edited=&#8221;on|desktop&#8221; locked=&#8221;off&#8221; global_colors_info=&#8221;{}&#8221; header_5_font_size__hover=&#8221;16px&#8221; header_5_font_size__hover_enabled=&#8221;16px&#8221; header_5_letter_spacing__hover=&#8221;0px&#8221; header_5_letter_spacing__hover_enabled=&#8221;0px&#8221; header_5_line_height__hover=&#8221;1em&#8221; header_5_line_height__hover_enabled=&#8221;1em&#8221; header_5_text_shadow_style__hover=&#8221;none&#8221; header_5_text_shadow_style__hover_enabled=&#8221;none&#8221; header_5_text_shadow_color__hover=&#8221;rgba(0,0,0,0.4)&#8221; header_5_text_shadow_color__hover_enabled=&#8221;rgba(0,0,0,0.4)&#8221;]<\/p>\n<h6>Skontaktuj si\u0119 ze mn\u0105, je\u015bli potrzebujesz wsparcia. Jestem tutaj dla Ciebie!<\/h6>\n<p>[\/et_pb_text][\/et_pb_column][\/et_pb_row][\/et_pb_section][et_pb_section fb_built=&#8221;1&#8243; _builder_version=&#8221;4.16&#8243; background_color=&#8221;rgba(209,197,186,0.16)&#8221; custom_padding=&#8221;4px||4px|||&#8221; global_colors_info=&#8221;{}&#8221;][et_pb_row column_structure=&#8221;1_2,1_2&#8243; _builder_version=&#8221;4.16&#8243; global_colors_info=&#8221;{}&#8221;][et_pb_column type=&#8221;1_2&#8243; _builder_version=&#8221;4.16&#8243; global_colors_info=&#8221;{}&#8221;][et_pb_button button_url=&#8221;https:\/\/drive.google.com\/file\/d\/1125Ua2T3USRicOSMdf0nbld7i8CsHgS7\/view?usp=sharing&#8221; url_new_window=&#8221;on&#8221; button_text=&#8221;Polityka prywatno\u015bci&#8221; button_alignment=&#8221;center&#8221; _builder_version=&#8221;4.19.0&#8243; custom_button=&#8221;on&#8221; button_text_size=&#8221;15px&#8221; button_text_color=&#8221;#000000&#8243; button_bg_color=&#8221;rgba(208,152,60,0)&#8221; button_border_width=&#8221;0px&#8221; button_border_color=&#8221;#d0983c&#8221; button_font=&#8221;|600|||||||&#8221; button_icon=&#8221;&#x24;||divi||400&#8243; custom_margin=&#8221;20px||||false|false&#8221; custom_margin_tablet=&#8221;&#8221; custom_margin_phone=&#8221;&#8221; custom_margin_last_edited=&#8221;on|desktop&#8221; button_border_width_tablet=&#8221;&#8221; button_border_width_phone=&#8221;&#8221; button_border_width_last_edited=&#8221;on|desktop&#8221; global_colors_info=&#8221;{}&#8221;][\/et_pb_button][\/et_pb_column][et_pb_column type=&#8221;1_2&#8243; _builder_version=&#8221;4.16&#8243; global_colors_info=&#8221;{}&#8221;][et_pb_button button_url=&#8221;https:\/\/drive.google.com\/file\/d\/16bYQ8pBH53bnJW6H0kLAaX4nKXrAO3IT\/view?usp=sharing&#8221; url_new_window=&#8221;on&#8221; button_text=&#8221;Regulamin zakupu&#8221; button_alignment=&#8221;center&#8221; _builder_version=&#8221;4.19.0&#8243; custom_button=&#8221;on&#8221; button_text_size=&#8221;15px&#8221; button_text_color=&#8221;#000000&#8243; button_bg_color=&#8221;rgba(208,152,60,0)&#8221; button_border_width=&#8221;0px&#8221; button_border_color=&#8221;#d0983c&#8221; button_font=&#8221;|600|||||||&#8221; button_icon=&#8221;&#x24;||divi||400&#8243; custom_margin=&#8221;20px||||false|false&#8221; custom_margin_tablet=&#8221;&#8221; custom_margin_phone=&#8221;&#8221; custom_margin_last_edited=&#8221;on|desktop&#8221; button_border_width_tablet=&#8221;&#8221; button_border_width_phone=&#8221;&#8221; button_border_width_last_edited=&#8221;on|desktop&#8221; global_colors_info=&#8221;{}&#8221;][\/et_pb_button][\/et_pb_column][\/et_pb_row][et_pb_row _builder_version=&#8221;4.16&#8243; custom_padding=&#8221;2px|||||&#8221; global_colors_info=&#8221;{}&#8221;][et_pb_column type=&#8221;4_4&#8243; _builder_version=&#8221;4.16&#8243; global_colors_info=&#8221;{}&#8221;][et_pb_text _builder_version=&#8221;4.16&#8243; text_font=&#8221;Open Sans|600|||||||&#8221; text_text_color=&#8221;#000000&#8243; text_orientation=&#8221;center&#8221; global_colors_info=&#8221;{}&#8221;]Copyright 2020 | Projekt <a href=\"https:\/\/www.monikafilarowska.com\">Monika Filarowska<\/a>[\/et_pb_text][\/et_pb_column][\/et_pb_row][\/et_pb_section]<\/p>\n","protected":false},"excerpt":{"rendered":"<p>Witaj! Nazywam si\u0119 Monika Bielan-G\u0105sior. &nbsp; Od 2018 roku prowadz\u0119 praktyk\u0119 jako Konsultantka ds. snu dziecka, rok p\u00f3\u017aniej uko\u0144czy\u0142am Specjalizacj\u0119 z dietetyki og\u00f3lnej i \u017cywienia dzieci. Z wykszta\u0142cenia jestem pedagogiem, mia\u0142am r\u00f3wnie\u017c okazj\u0119 pracowa\u0107 w szkole z m\u0142odzie\u017c\u0105 w wieku gimnazjalnym i licealnym. Ogromn\u0105 cz\u0119\u015b\u0107 mojego \u017cycia zawodowego i osobistego stanowi dzia\u0142alno\u015b\u0107 pomocowa, kt\u00f3ra przynosi [&hellip;]<\/p>\n","protected":false},"author":2,"featured_media":0,"parent":0,"menu_order":0,"comment_status":"closed","ping_status":"closed","template":"","meta":{"_et_pb_use_builder":"on","_et_pb_old_content":"","_et_gb_content_width":"","om_disable_all_campaigns":false,"footnotes":""},"class_list":["post-215370","page","type-page","status-publish","hentry"],"_links":{"self":[{"href":"https:\/\/holistycznie.me\/index.php\/wp-json\/wp\/v2\/pages\/215370","targetHints":{"allow":["GET"]}}],"collection":[{"href":"https:\/\/holistycznie.me\/index.php\/wp-json\/wp\/v2\/pages"}],"about":[{"href":"https:\/\/holistycznie.me\/index.php\/wp-json\/wp\/v2\/types\/page"}],"author":[{"embeddable":true,"href":"https:\/\/holistycznie.me\/index.php\/wp-json\/wp\/v2\/users\/2"}],"replies":[{"embeddable":true,"href":"https:\/\/holistycznie.me\/index.php\/wp-json\/wp\/v2\/comments?post=215370"}],"version-history":[{"count":14,"href":"https:\/\/holistycznie.me\/index.php\/wp-json\/wp\/v2\/pages\/215370\/revisions"}],"predecessor-version":[{"id":216069,"href":"https:\/\/holistycznie.me\/index.php\/wp-json\/wp\/v2\/pages\/215370\/revisions\/216069"}],"wp:attachment":[{"href":"https:\/\/holistycznie.me\/index.php\/wp-json\/wp\/v2\/media?parent=215370"}],"curies":[{"name":"wp","href":"https:\/\/api.w.org\/{rel}","templated":true}]}}