{"id":215321,"date":"2023-04-12T10:33:31","date_gmt":"2023-04-12T08:33:31","guid":{"rendered":"http:\/\/holistycznie.me\/?page_id=215321"},"modified":"2026-01-02T13:05:23","modified_gmt":"2026-01-02T12:05:23","slug":"strona-glowna","status":"publish","type":"page","link":"https:\/\/holistycznie.me\/","title":{"rendered":"STRONA G\u0141\u00d3WNA"},"content":{"rendered":"<p>[et_pb_section fb_built=&#8221;1&#8243; admin_label=&#8221;About Section&#8221; _builder_version=&#8221;4.19.0&#8243; custom_padding=&#8221;0px||0px|&#8221; global_colors_info=&#8221;{}&#8221;][et_pb_row column_structure=&#8221;1_2,1_2&#8243; use_custom_gutter=&#8221;on&#8221; gutter_width=&#8221;0&#8243; make_equal=&#8221;on&#8221; admin_label=&#8221;About Area&#8221; _builder_version=&#8221;4.19.0&#8243; background_color=&#8221;#fbfaf7&#8243; width=&#8221;100%&#8221; max_width=&#8221;100%&#8221; custom_margin=&#8221;0px|auto|-59px|auto||&#8221; custom_padding=&#8221;0px||0px|&#8221; use_custom_width=&#8221;on&#8221; width_unit=&#8221;off&#8221; custom_width_percent=&#8221;100%&#8221; global_colors_info=&#8221;{}&#8221;][et_pb_column type=&#8221;1_2&#8243; _builder_version=&#8221;4.19.0&#8243; background_color=&#8221;#FBFAF7&#8243; custom_padding=&#8221;10%|5%|10%|5%&#8221; hover_transition_duration=&#8221;0ms&#8221; global_colors_info=&#8221;{}&#8221; custom_padding__hover=&#8221;|||&#8221;][et_pb_text _builder_version=&#8221;4.19.0&#8243; text_font=&#8221;Open Sans||||||||&#8221; text_text_color=&#8221;#3a3a3a&#8221; text_font_size=&#8221;18px&#8221; text_line_height=&#8221;2em&#8221; header_font=&#8221;Lora|700|||||||&#8221; header_text_align=&#8221;center&#8221; header_text_color=&#8221;#3a3a3a&#8221; header_font_size=&#8221;45px&#8221; header_line_height=&#8221;1.4em&#8221; header_6_font=&#8221;Open Sans|600||on|||||&#8221; header_6_text_align=&#8221;center&#8221; header_6_text_color=&#8221;#d0983c&#8221; header_6_letter_spacing=&#8221;5px&#8221; header_6_line_height=&#8221;1.6em&#8221; text_orientation=&#8221;center&#8221; max_width=&#8221;600px&#8221; max_width_tablet=&#8221;90%&#8221; max_width_phone=&#8221;&#8221; max_width_last_edited=&#8221;on|desktop&#8221; module_alignment=&#8221;center&#8221; text_font_size_tablet=&#8221;&#8221; text_font_size_phone=&#8221;&#8221; text_font_size_last_edited=&#8221;on|desktop&#8221; header_font_size_tablet=&#8221;48px&#8221; header_font_size_phone=&#8221;32px&#8221; header_font_size_last_edited=&#8221;on|phone&#8221; header_6_font_size_tablet=&#8221;&#8221; header_6_font_size_phone=&#8221;&#8221; header_6_font_size_last_edited=&#8221;on|desktop&#8221; locked=&#8221;off&#8221; global_colors_info=&#8221;{}&#8221; header_5_font_size__hover=&#8221;16px&#8221; header_5_font_size__hover_enabled=&#8221;16px&#8221; header_5_letter_spacing__hover=&#8221;0px&#8221; header_5_letter_spacing__hover_enabled=&#8221;0px&#8221; header_5_line_height__hover=&#8221;1em&#8221; header_5_line_height__hover_enabled=&#8221;1em&#8221; header_5_text_shadow_style__hover=&#8221;none&#8221; header_5_text_shadow_style__hover_enabled=&#8221;none&#8221; header_5_text_shadow_color__hover=&#8221;rgba(0,0,0,0.4)&#8221; header_5_text_shadow_color__hover_enabled=&#8221;rgba(0,0,0,0.4)&#8221;]<\/p>\n<h6>Holistycznie.<\/h6>\n<h6>centrum terapii pozytywnej.<\/h6>\n<h6><img loading=\"lazy\" decoding=\"async\" src=\"http:\/\/holistycznie.me\/wp-content\/uploads\/2023\/04\/Projekt-bez-tytulu-41-300x251.png\" width=\"64\" height=\"54\" alt=\"\" class=\"wp-image-215483 alignnone size-medium\" style=\"display: block; margin-left: auto; margin-right: auto;\" \/><\/h6>\n<p>&nbsp;<\/p>\n<p>Jeste\u015b w miejscu wspieraj\u0105cym z<strong>drowie psychiczne jednostki i ca\u0142ej rodziny oraz jej prawid\u0142owe funkcjonowanie<\/strong> w ka\u017cdym obszarze \u017cycia.<\/p>\n<p>W tej przestrzeni <strong>mo\u017cesz poczu\u0107 si\u0119 bezpiecznie<\/strong>.<\/p>\n<p>&nbsp;<\/p>\n<p>[\/et_pb_text][\/et_pb_column][et_pb_column type=&#8221;1_2&#8243; _builder_version=&#8221;4.19.0&#8243; background_enable_color=&#8221;off&#8221; background_image=&#8221;http:\/\/holistycznie.me\/wp-content\/uploads\/2023\/04\/Projekt-bez-tytulu-38.png&#8221; custom_padding=&#8221;10%|5%|10%|5%|false|false&#8221; custom_padding_tablet=&#8221;30%||30%||false|false&#8221; custom_padding_phone=&#8221;40%||40%||false|false&#8221; custom_padding_last_edited=&#8221;on|phone&#8221; global_colors_info=&#8221;{}&#8221; custom_padding__hover=&#8221;|||&#8221;][et_pb_text _builder_version=&#8221;4.19.0&#8243; _module_preset=&#8221;default&#8221; global_colors_info=&#8221;{}&#8221;]<\/p>\n<p>&nbsp;<\/p>\n<p>&nbsp;<\/p>\n<p>&nbsp;<\/p>\n<p>&nbsp;<\/p>\n<p>&nbsp;<\/p>\n<p>&nbsp;<\/p>\n<p>&nbsp;<\/p>\n<p>&nbsp;<\/p>\n<p>&nbsp;<\/p>\n<p>[\/et_pb_text][\/et_pb_column][\/et_pb_row][\/et_pb_section][et_pb_section fb_built=&#8221;1&#8243; custom_padding_last_edited=&#8221;on|phone&#8221; admin_label=&#8221;Our Story Section&#8221; _builder_version=&#8221;4.16&#8243; custom_padding=&#8221;0px||1px|||&#8221; custom_padding_tablet=&#8221;&#8221; custom_padding_phone=&#8221;60px||0px||false|false&#8221; global_colors_info=&#8221;{}&#8221;][\/et_pb_section][et_pb_section fb_built=&#8221;1&#8243; _builder_version=&#8221;4.16&#8243; custom_padding=&#8221;||0px|||&#8221; global_colors_info=&#8221;{}&#8221;][et_pb_row _builder_version=&#8221;4.19.0&#8243; global_colors_info=&#8221;{}&#8221;][et_pb_column type=&#8221;4_4&#8243; _builder_version=&#8221;4.16&#8243; global_colors_info=&#8221;{}&#8221;][et_pb_text _builder_version=&#8221;4.19.0&#8243; text_font=&#8221;Open Sans||||||||&#8221; text_text_color=&#8221;#3a3a3a&#8221; text_font_size=&#8221;17px&#8221; text_line_height=&#8221;2em&#8221; header_font=&#8221;Lora|700|||||||&#8221; header_text_align=&#8221;center&#8221; header_text_color=&#8221;#3a3a3a&#8221; header_font_size=&#8221;45px&#8221; header_line_height=&#8221;1.4em&#8221; header_6_font=&#8221;Dancing Script|600|||||||&#8221; header_6_text_align=&#8221;center&#8221; header_6_text_color=&#8221;#d0983c&#8221; header_6_font_size=&#8221;30px&#8221; header_6_letter_spacing=&#8221;5px&#8221; header_6_line_height=&#8221;1.6em&#8221; text_orientation=&#8221;center&#8221; max_width=&#8221;600px&#8221; max_width_tablet=&#8221;90%&#8221; max_width_phone=&#8221;&#8221; max_width_last_edited=&#8221;on|desktop&#8221; module_alignment=&#8221;center&#8221; text_font_size_tablet=&#8221;&#8221; text_font_size_phone=&#8221;&#8221; text_font_size_last_edited=&#8221;on|desktop&#8221; header_font_size_tablet=&#8221;48px&#8221; header_font_size_phone=&#8221;32px&#8221; header_font_size_last_edited=&#8221;on|phone&#8221; header_6_font_size_tablet=&#8221;&#8221; header_6_font_size_phone=&#8221;&#8221; header_6_font_size_last_edited=&#8221;on|desktop&#8221; locked=&#8221;off&#8221; global_colors_info=&#8221;{}&#8221; header_5_font_size__hover=&#8221;16px&#8221; header_5_font_size__hover_enabled=&#8221;16px&#8221; header_5_letter_spacing__hover=&#8221;0px&#8221; header_5_letter_spacing__hover_enabled=&#8221;0px&#8221; header_5_line_height__hover=&#8221;1em&#8221; header_5_line_height__hover_enabled=&#8221;1em&#8221; header_5_text_shadow_style__hover=&#8221;none&#8221; header_5_text_shadow_style__hover_enabled=&#8221;none&#8221; header_5_text_shadow_color__hover=&#8221;rgba(0,0,0,0.4)&#8221; header_5_text_shadow_color__hover_enabled=&#8221;rgba(0,0,0,0.4)&#8221;]<\/p>\n<h6>Wybierz obszar, w kt\u00f3rym potrzebujesz wsparcia.<\/h6>\n<p>[\/et_pb_text][\/et_pb_column][\/et_pb_row][\/et_pb_section][et_pb_section fb_built=&#8221;1&#8243; _builder_version=&#8221;4.19.0&#8243; background_enable_image=&#8221;off&#8221; global_colors_info=&#8221;{}&#8221;][et_pb_row column_structure=&#8221;1_2,1_2&#8243; _builder_version=&#8221;4.16&#8243; global_colors_info=&#8221;{}&#8221;][et_pb_column type=&#8221;1_2&#8243; _builder_version=&#8221;4.16&#8243; global_colors_info=&#8221;{}&#8221;][et_pb_blurb url=&#8221;http:\/\/holistycznie.me\/index.php\/o-emocjach\/&#8221; url_new_window=&#8221;on&#8221; image_icon_width=&#8221;64px&#8221; content_max_width=&#8221;1100px&#8221; admin_label=&#8221;Chapter&#8221; _builder_version=&#8221;4.19.0&#8243; header_font=&#8221;Lora|700|||||||&#8221; header_text_color=&#8221;#2e2545&#8243; header_font_size=&#8221;18px&#8221; header_line_height=&#8221;1.5em&#8221; body_text_color=&#8221;#000000&#8243; body_font_size=&#8221;16px&#8221; body_line_height=&#8221;1.9em&#8221; background_color=&#8221;#FBFAF7&#8243; background_image=&#8221;http:\/\/holistycznie.me\/wp-content\/uploads\/2023\/04\/Projekt-bez-tytulu-39.png&#8221; custom_margin=&#8221;|||&#8221; custom_padding=&#8221;30px|40px|30px|40px&#8221; animation_style=&#8221;slide&#8221; animation_direction=&#8221;bottom&#8221; animation_duration=&#8221;2000ms&#8221; animation_intensity_slide=&#8221;10%&#8221; animation_starting_opacity=&#8221;100%&#8221; link_option_url=&#8221;http:\/\/holistycznie.me\/index.php\/o-emocjach\/&#8221; link_option_url_new_window=&#8221;on&#8221; header_font_size_tablet=&#8221;&#8221; header_font_size_phone=&#8221;&#8221; header_font_size_last_edited=&#8221;on|desktop&#8221; box_shadow_style=&#8221;preset2&#8243; box_shadow_horizontal=&#8221;0px&#8221; box_shadow_vertical=&#8221;0px&#8221; box_shadow_blur=&#8221;60px&#8221; box_shadow_color=&#8221;rgba(71,74,182,0.12)&#8221; image_max_width=&#8221;64px&#8221; locked=&#8221;off&#8221; global_colors_info=&#8221;{}&#8221;]<\/p>\n<p>&nbsp;<\/p>\n<p>&nbsp;<\/p>\n<p>&nbsp;<\/p>\n<p>&nbsp;<\/p>\n<p>[\/et_pb_blurb][et_pb_blurb url=&#8221;http:\/\/holistycznie.me\/index.php\/o-emocjach\/&#8221; url_new_window=&#8221;on&#8221; image_icon_width=&#8221;64px&#8221; content_max_width=&#8221;1100px&#8221; admin_label=&#8221;Chapter&#8221; _builder_version=&#8221;4.19.0&#8243; header_font=&#8221;Lora|700|||||||&#8221; header_text_color=&#8221;#2e2545&#8243; header_font_size=&#8221;18px&#8221; header_line_height=&#8221;1.5em&#8221; body_text_color=&#8221;#000000&#8243; body_font_size=&#8221;16px&#8221; body_line_height=&#8221;1.9em&#8221; background_color=&#8221;#FBFAF7&#8243; custom_margin=&#8221;|||&#8221; custom_padding=&#8221;30px|40px|30px|40px&#8221; animation_style=&#8221;slide&#8221; animation_direction=&#8221;bottom&#8221; animation_duration=&#8221;2000ms&#8221; animation_intensity_slide=&#8221;10%&#8221; animation_starting_opacity=&#8221;100%&#8221; link_option_url=&#8221;http:\/\/holistycznie.me\/index.php\/o-emocjach\/&#8221; link_option_url_new_window=&#8221;on&#8221; header_font_size_tablet=&#8221;&#8221; header_font_size_phone=&#8221;&#8221; header_font_size_last_edited=&#8221;on|desktop&#8221; box_shadow_style=&#8221;preset2&#8243; box_shadow_horizontal=&#8221;0px&#8221; box_shadow_vertical=&#8221;0px&#8221; box_shadow_blur=&#8221;60px&#8221; box_shadow_color=&#8221;rgba(71,74,182,0.12)&#8221; image_max_width=&#8221;64px&#8221; locked=&#8221;off&#8221; global_colors_info=&#8221;{}&#8221;]<\/p>\n<p style=\"text-align: center;\"><span style=\"color: #e09900;\"><strong>Wsparcie psychoterapeutyczne.<\/strong><\/span><\/p>\n<p style=\"text-align: center;\">W nurcie Terapii Skoncentrowanej na Rozwi\u0105zaniach z elementami Psychologii Pozytywnej.<\/p>\n<p style=\"text-align: center;\">Wsparcie m\u0142odzie\u017cy (+12 lat) oraz os\u00f3b doros\u0142ych.<\/p>\n<p style=\"text-align: center;\">Wsparcie w wyzwaniach rodzicielskich.<\/p>\n<p><span style=\"color: #e09900;\"><strong><\/strong><\/span><\/p>\n<p>[\/et_pb_blurb][\/et_pb_column][et_pb_column type=&#8221;1_2&#8243; _builder_version=&#8221;4.16&#8243; global_colors_info=&#8221;{}&#8221;][et_pb_blurb url=&#8221;http:\/\/holistycznie.me\/index.php\/o-snie-dziecka\/&#8221; url_new_window=&#8221;on&#8221; image_icon_width=&#8221;64px&#8221; content_max_width=&#8221;1100px&#8221; admin_label=&#8221;Chapter&#8221; _builder_version=&#8221;4.19.0&#8243; header_font=&#8221;Lora|700|||||||&#8221; header_text_color=&#8221;#2e2545&#8243; header_font_size=&#8221;18px&#8221; header_line_height=&#8221;1.5em&#8221; body_text_color=&#8221;#000000&#8243; body_font_size=&#8221;16px&#8221; body_line_height=&#8221;1.9em&#8221; background_color=&#8221;#FBFAF7&#8243; background_image=&#8221;http:\/\/holistycznie.me\/wp-content\/uploads\/2023\/04\/Projekt-bez-tytulu-40.png&#8221; custom_margin=&#8221;|||&#8221; custom_padding=&#8221;30px|40px|30px|40px&#8221; animation_style=&#8221;slide&#8221; animation_direction=&#8221;bottom&#8221; animation_duration=&#8221;2000ms&#8221; animation_intensity_slide=&#8221;10%&#8221; animation_starting_opacity=&#8221;100%&#8221; link_option_url=&#8221;http:\/\/holistycznie.me\/index.php\/o-snie-dziecka\/&#8221; link_option_url_new_window=&#8221;on&#8221; header_font_size_tablet=&#8221;&#8221; header_font_size_phone=&#8221;&#8221; header_font_size_last_edited=&#8221;on|desktop&#8221; box_shadow_style=&#8221;preset2&#8243; box_shadow_horizontal=&#8221;0px&#8221; box_shadow_vertical=&#8221;0px&#8221; box_shadow_blur=&#8221;60px&#8221; box_shadow_color=&#8221;rgba(71,74,182,0.12)&#8221; image_max_width=&#8221;64px&#8221; locked=&#8221;off&#8221; global_colors_info=&#8221;{}&#8221;]<\/p>\n<p>&nbsp;<\/p>\n<p>&nbsp;<\/p>\n<p>&nbsp;<\/p>\n<p>&nbsp;<\/p>\n<p>[\/et_pb_blurb][et_pb_blurb url=&#8221;http:\/\/holistycznie.me\/index.php\/o-snie-dziecka\/&#8221; url_new_window=&#8221;on&#8221; image_icon_width=&#8221;64px&#8221; content_max_width=&#8221;1100px&#8221; admin_label=&#8221;Chapter&#8221; _builder_version=&#8221;4.19.0&#8243; header_font=&#8221;Lora|700|||||||&#8221; header_text_color=&#8221;#2e2545&#8243; header_font_size=&#8221;18px&#8221; header_line_height=&#8221;1.5em&#8221; body_text_color=&#8221;#000000&#8243; body_font_size=&#8221;16px&#8221; body_line_height=&#8221;1.9em&#8221; background_color=&#8221;#FBFAF7&#8243; custom_margin=&#8221;|||&#8221; custom_padding=&#8221;30px|40px|30px|40px&#8221; animation_style=&#8221;slide&#8221; animation_direction=&#8221;bottom&#8221; animation_duration=&#8221;2000ms&#8221; animation_intensity_slide=&#8221;10%&#8221; animation_starting_opacity=&#8221;100%&#8221; link_option_url=&#8221;http:\/\/holistycznie.me\/index.php\/o-snie-dziecka\/&#8221; link_option_url_new_window=&#8221;on&#8221; header_font_size_tablet=&#8221;&#8221; header_font_size_phone=&#8221;&#8221; header_font_size_last_edited=&#8221;on|desktop&#8221; box_shadow_style=&#8221;preset2&#8243; box_shadow_horizontal=&#8221;0px&#8221; box_shadow_vertical=&#8221;0px&#8221; box_shadow_blur=&#8221;60px&#8221; box_shadow_color=&#8221;rgba(71,74,182,0.12)&#8221; image_max_width=&#8221;64px&#8221; locked=&#8221;off&#8221; global_colors_info=&#8221;{}&#8221;]<\/p>\n<p style=\"text-align: center;\"><span style=\"color: #e09900;\"><strong>Sen i \u017cywienie dziecka.\u00a0<\/strong><\/span><\/p>\n<p style=\"text-align: center;\">Wyzwania zwi\u0105zane z usypianiem dziecka (0 m-cy &#8211; 5 lat).\u00a0Rozszerzanie diety u niemowl\u0105t i \u017cywienie dzieci starszych.<\/p>\n<p style=\"text-align: center;\">\n<p style=\"text-align: center;\"><span style=\"color: #e09900;\"><strong><\/strong><\/span><\/p>\n<p>[\/et_pb_blurb][\/et_pb_column][\/et_pb_row][et_pb_row _builder_version=&#8221;4.19.0&#8243; _module_preset=&#8221;default&#8221; global_colors_info=&#8221;{}&#8221;][et_pb_column type=&#8221;4_4&#8243; _builder_version=&#8221;4.19.0&#8243; _module_preset=&#8221;default&#8221; global_colors_info=&#8221;{}&#8221;][et_pb_text _builder_version=&#8221;4.19.0&#8243; _module_preset=&#8221;default&#8221; custom_padding=&#8221;4px|||||&#8221; global_colors_info=&#8221;{}&#8221;]<\/p>\n<h5 style=\"text-align: center;\">Spotkania odbywaj\u0105 si\u0119 w wygodnej formie <strong>on-line lub w gabinecie w Ustce.<\/strong><\/h5>\n<p>[\/et_pb_text][\/et_pb_column][\/et_pb_row][\/et_pb_section][et_pb_section fb_built=&#8221;1&#8243; _builder_version=&#8221;4.16&#8243; background_color=&#8221;rgba(209,197,186,0.16)&#8221; custom_padding=&#8221;4px||4px|||&#8221; global_colors_info=&#8221;{}&#8221;][et_pb_row column_structure=&#8221;1_4,1_4,1_4,1_4&#8243; _builder_version=&#8221;4.19.0&#8243; global_colors_info=&#8221;{}&#8221;][et_pb_column type=&#8221;1_4&#8243; _builder_version=&#8221;4.16&#8243; global_colors_info=&#8221;{}&#8221;][et_pb_button button_url=&#8221;https:\/\/drive.google.com\/file\/d\/1125Ua2T3USRicOSMdf0nbld7i8CsHgS7\/view?usp=sharing&#8221; url_new_window=&#8221;on&#8221; button_text=&#8221;Polityka prywatno\u015bci&#8221; button_alignment=&#8221;center&#8221; _builder_version=&#8221;4.19.0&#8243; custom_button=&#8221;on&#8221; button_text_size=&#8221;15px&#8221; button_text_color=&#8221;#000000&#8243; button_bg_color=&#8221;rgba(208,152,60,0)&#8221; button_border_width=&#8221;0px&#8221; button_border_color=&#8221;#d0983c&#8221; button_font=&#8221;|600|||||||&#8221; button_icon=&#8221;&#x24;||divi||400&#8243; custom_margin=&#8221;20px||||false|false&#8221; custom_margin_tablet=&#8221;&#8221; custom_margin_phone=&#8221;&#8221; custom_margin_last_edited=&#8221;on|desktop&#8221; button_border_width_tablet=&#8221;&#8221; button_border_width_phone=&#8221;&#8221; button_border_width_last_edited=&#8221;on|desktop&#8221; global_colors_info=&#8221;{}&#8221;][\/et_pb_button][\/et_pb_column][et_pb_column type=&#8221;1_4&#8243; _builder_version=&#8221;4.16&#8243; global_colors_info=&#8221;{}&#8221;][et_pb_button button_url=&#8221;https:\/\/drive.google.com\/file\/d\/16bYQ8pBH53bnJW6H0kLAaX4nKXrAO3IT\/view?usp=sharing&#8221; url_new_window=&#8221;on&#8221; button_text=&#8221;Regulamin sklepu&#8221; button_alignment=&#8221;center&#8221; _builder_version=&#8221;4.19.0&#8243; custom_button=&#8221;on&#8221; button_text_size=&#8221;15px&#8221; button_text_color=&#8221;#000000&#8243; button_bg_color=&#8221;rgba(208,152,60,0)&#8221; button_border_width=&#8221;0px&#8221; button_border_color=&#8221;#d0983c&#8221; button_font=&#8221;|600|||||||&#8221; button_icon=&#8221;&#x24;||divi||400&#8243; custom_margin=&#8221;20px||||false|false&#8221; custom_margin_tablet=&#8221;&#8221; custom_margin_phone=&#8221;&#8221; custom_margin_last_edited=&#8221;on|desktop&#8221; button_border_width_tablet=&#8221;&#8221; button_border_width_phone=&#8221;&#8221; button_border_width_last_edited=&#8221;on|desktop&#8221; global_colors_info=&#8221;{}&#8221;][\/et_pb_button][\/et_pb_column][et_pb_column type=&#8221;1_4&#8243; _builder_version=&#8221;4.19.0&#8243; global_colors_info=&#8221;{}&#8221;][et_pb_button button_url=&#8221;https:\/\/drive.google.com\/file\/d\/1F3Bq4h6iSJ2YKygiExq-_3d3aJWBf2t-\/view?usp=sharing&#8221; url_new_window=&#8221;on&#8221; button_text=&#8221;Regulamin opinii&#8221; button_alignment=&#8221;center&#8221; _builder_version=&#8221;4.19.0&#8243; custom_button=&#8221;on&#8221; button_text_size=&#8221;15px&#8221; button_text_color=&#8221;#000000&#8243; button_bg_color=&#8221;rgba(208,152,60,0)&#8221; button_border_width=&#8221;0px&#8221; button_border_color=&#8221;#d0983c&#8221; button_font=&#8221;|600|||||||&#8221; button_icon=&#8221;&#x24;||divi||400&#8243; custom_margin=&#8221;20px||||false|false&#8221; custom_margin_tablet=&#8221;&#8221; custom_margin_phone=&#8221;&#8221; custom_margin_last_edited=&#8221;on|desktop&#8221; button_border_width_tablet=&#8221;&#8221; button_border_width_phone=&#8221;&#8221; button_border_width_last_edited=&#8221;on|desktop&#8221; global_colors_info=&#8221;{}&#8221;][\/et_pb_button][\/et_pb_column][et_pb_column type=&#8221;1_4&#8243; _builder_version=&#8221;4.19.0&#8243; link_option_url=&#8221;https:\/\/drive.google.com\/file\/d\/1ZW3wKvmb1HCyBqWfabhhNRfSpPw1si5t\/view?usp=sharing&#8221; global_colors_info=&#8221;{}&#8221;][et_pb_button button_url=&#8221;https:\/\/drive.google.com\/file\/d\/1ZW3wKvmb1HCyBqWfabhhNRfSpPw1si5t\/view?usp=sharing&#8221; url_new_window=&#8221;on&#8221; button_text=&#8221;Regulamin Newslettera&#8221; button_alignment=&#8221;center&#8221; _builder_version=&#8221;4.19.0&#8243; custom_button=&#8221;on&#8221; button_text_size=&#8221;15px&#8221; button_text_color=&#8221;#000000&#8243; button_bg_color=&#8221;rgba(208,152,60,0)&#8221; button_border_width=&#8221;0px&#8221; button_border_color=&#8221;#d0983c&#8221; button_font=&#8221;|600|||||||&#8221; button_icon=&#8221;&#x24;||divi||400&#8243; custom_margin=&#8221;20px||||false|false&#8221; custom_margin_tablet=&#8221;&#8221; custom_margin_phone=&#8221;&#8221; custom_margin_last_edited=&#8221;on|desktop&#8221; button_border_width_tablet=&#8221;&#8221; button_border_width_phone=&#8221;&#8221; button_border_width_last_edited=&#8221;on|desktop&#8221; global_colors_info=&#8221;{}&#8221;][\/et_pb_button][\/et_pb_column][\/et_pb_row][et_pb_row _builder_version=&#8221;4.16&#8243; custom_padding=&#8221;2px|||||&#8221; global_colors_info=&#8221;{}&#8221;][et_pb_column type=&#8221;4_4&#8243; _builder_version=&#8221;4.16&#8243; global_colors_info=&#8221;{}&#8221;][et_pb_text _builder_version=&#8221;4.16&#8243; text_font=&#8221;Open Sans|600|||||||&#8221; text_text_color=&#8221;#000000&#8243; text_orientation=&#8221;center&#8221; global_colors_info=&#8221;{}&#8221;]Copyright 2020 | Projekt <a href=\"https:\/\/www.monikafilarowska.com\">Monika Filarowska<\/a>[\/et_pb_text][\/et_pb_column][\/et_pb_row][\/et_pb_section]<\/p>\n","protected":false},"excerpt":{"rendered":"<p>Holistycznie. centrum terapii pozytywnej. &nbsp; Jeste\u015b w miejscu wspieraj\u0105cym zdrowie psychiczne jednostki i ca\u0142ej rodziny oraz jej prawid\u0142owe funkcjonowanie w ka\u017cdym obszarze \u017cycia. W tej przestrzeni mo\u017cesz poczu\u0107 si\u0119 bezpiecznie. &nbsp;&nbsp; &nbsp; &nbsp; &nbsp; &nbsp; &nbsp; &nbsp; &nbsp; &nbsp;Wybierz obszar, w kt\u00f3rym potrzebujesz wsparcia.&nbsp; &nbsp; &nbsp; &nbsp;Wsparcie psychoterapeutyczne. W nurcie Terapii Skoncentrowanej na Rozwi\u0105zaniach z [&hellip;]<\/p>\n","protected":false},"author":2,"featured_media":0,"parent":0,"menu_order":0,"comment_status":"closed","ping_status":"closed","template":"","meta":{"_et_pb_use_builder":"on","_et_pb_old_content":"","_et_gb_content_width":"","om_disable_all_campaigns":false,"footnotes":""},"class_list":["post-215321","page","type-page","status-publish","hentry"],"_links":{"self":[{"href":"https:\/\/holistycznie.me\/index.php\/wp-json\/wp\/v2\/pages\/215321","targetHints":{"allow":["GET"]}}],"collection":[{"href":"https:\/\/holistycznie.me\/index.php\/wp-json\/wp\/v2\/pages"}],"about":[{"href":"https:\/\/holistycznie.me\/index.php\/wp-json\/wp\/v2\/types\/page"}],"author":[{"embeddable":true,"href":"https:\/\/holistycznie.me\/index.php\/wp-json\/wp\/v2\/users\/2"}],"replies":[{"embeddable":true,"href":"https:\/\/holistycznie.me\/index.php\/wp-json\/wp\/v2\/comments?post=215321"}],"version-history":[{"count":36,"href":"https:\/\/holistycznie.me\/index.php\/wp-json\/wp\/v2\/pages\/215321\/revisions"}],"predecessor-version":[{"id":216341,"href":"https:\/\/holistycznie.me\/index.php\/wp-json\/wp\/v2\/pages\/215321\/revisions\/216341"}],"wp:attachment":[{"href":"https:\/\/holistycznie.me\/index.php\/wp-json\/wp\/v2\/media?parent=215321"}],"curies":[{"name":"wp","href":"https:\/\/api.w.org\/{rel}","templated":true}]}}